{"id":15569,"date":"2026-02-23T16:57:36","date_gmt":"2026-02-23T15:57:36","guid":{"rendered":"https:\/\/gaiax-spain.com\/guidelines\/"},"modified":"2026-05-11T19:31:48","modified_gmt":"2026-05-11T17:31:48","slug":"guidelines","status":"publish","type":"page","link":"https:\/\/gaiax-spain.com\/en\/guidelines\/","title":{"rendered":"Guidelines"},"content":{"rendered":"\t\t<div data-elementor-type=\"wp-page\" data-elementor-id=\"15569\" class=\"elementor elementor-15569 elementor-11107\">\n\t\t\t\t\t\t<section class=\"elementor-section elementor-top-section elementor-element elementor-element-709b7578 elementor-section-full_width jarallax dark-mode bg-dark min-vh-500 elementor-section-height-default elementor-section-height-default\" data-id=\"709b7578\" data-element_type=\"section\" data-e-type=\"section\" data-settings=\"{&quot;background_background&quot;:&quot;classic&quot;}\" data-jarallax=\"0.5\">\n\t\t\t\t\t\t\t<div class=\"elementor-background-overlay\"><\/div>\n\t\t\t\t\t\t\t<div class=\"elementor-container elementor-column-gap-default\">\n\t\t\t\t\t<div class=\"elementor-column elementor-col-100 elementor-top-column elementor-element elementor-element-5a52f626\" data-id=\"5a52f626\" data-element_type=\"column\" data-e-type=\"column\">\n\t\t\t<div class=\"min-vh-50 d-flex flex-column py-5 elementor-widget-wrap elementor-element-populated\">\n\t\t\t\t\t\t<div class=\"elementor-section elementor-inner-section elementor-element elementor-element-3028bcd3 elementor-section-full_width container position-relative text-center zindex-5 pt-4 pt-md-5 pb-5 mt-auto elementor-section-height-default elementor-section-height-default\" data-id=\"3028bcd3\" data-element_type=\"section\" data-e-type=\"section\">\n\t\t\t\t\t\t<div class=\"elementor-container elementor-column-gap-default row mt-5 row-margin\">\n\t\t\t\t\t<div class=\"elementor-column elementor-col-100 elementor-inner-column elementor-element elementor-element-d3f46c4 col-xl-10 mx-auto\" data-id=\"d3f46c4\" data-element_type=\"column\" data-e-type=\"column\">\n\t\t\t<div class=\"elementor-widget-wrap elementor-element-populated\">\n\t\t\t\t\t\t<div class=\"elementor-element elementor-element-5e6d3f38 elementor-widget elementor-widget-highlighted-heading\" data-id=\"5e6d3f38\" data-element_type=\"widget\" data-e-type=\"widget\" data-widget_type=\"highlighted-heading.default\">\n\t\t\t\t<div class=\"elementor-widget-container\">\n\t\t\t\t\t<h1 class=\"silicon-elementor-highlighted-heading__title display-1 mb-md-4 pb-3\"><span class=\"si-multipurpose-text__before\">Guidelines to promote trustworthy and interoperable data spaces<\/span><\/h1>\t\t\t\t<\/div>\n\t\t\t\t<\/div>\n\t\t\t\t\t<\/div>\n\t\t<\/div>\n\t\t\t\t\t<\/div>\n\t\t<\/div>\n\t\t\t\t<div class=\"elementor-section elementor-inner-section elementor-element elementor-element-641000fe elementor-section-full_width elementor-section-height-default elementor-section-height-default\" data-id=\"641000fe\" data-element_type=\"section\" data-e-type=\"section\">\n\t\t\t\t\t\t<div class=\"elementor-container elementor-column-gap-default container mt-auto pb-lg-2 pb-xl-3\">\n\t\t\t\t\t<div class=\"elementor-column elementor-col-100 elementor-inner-column elementor-element elementor-element-205d911\" data-id=\"205d911\" data-element_type=\"column\" data-e-type=\"column\">\n\t\t\t<div class=\"elementor-widget-wrap\">\n\t\t\t\t\t\t\t<\/div>\n\t\t<\/div>\n\t\t\t\t\t<\/div>\n\t\t<\/div>\n\t\t\t\t\t<\/div>\n\t\t<\/div>\n\t\t\t\t\t<\/div>\n\t\t<\/section>\n\t\t\t\t<section class=\"elementor-section elementor-top-section elementor-element elementor-element-5059a991 elementor-section-full_width bg-secondary  elementor-section-height-default elementor-section-height-default\" data-id=\"5059a991\" data-element_type=\"section\" data-e-type=\"section\">\n\t\t\t\t\t\t<div class=\"elementor-container elementor-column-gap-default container my-5 py-lg-5 py-md-4 py-3\">\n\t\t\t\t\t<div class=\"elementor-column elementor-col-100 elementor-top-column elementor-element elementor-element-21ecbe51\" data-id=\"21ecbe51\" data-element_type=\"column\" data-e-type=\"column\">\n\t\t\t<div class=\"elementor-widget-wrap elementor-element-populated\">\n\t\t\t\t\t\t<div class=\"elementor-element elementor-element-4aea9284 elementor-widget elementor-widget-highlighted-heading\" data-id=\"4aea9284\" data-element_type=\"widget\" data-e-type=\"widget\" data-widget_type=\"highlighted-heading.default\">\n\t\t\t\t<div class=\"elementor-widget-container\">\n\t\t\t\t\t<h2 class=\"silicon-elementor-highlighted-heading__title h1 mb-md-4 mb-3 pt-xl-3\"><span class=\"si-multipurpose-text__before\">Principles and recommendations to advance the data economy<\/span><\/h2>\t\t\t\t<\/div>\n\t\t\t\t<\/div>\n\t\t\t\t<div class=\"elementor-element elementor-element-4e1625f elementor-widget elementor-widget-text-editor\" data-id=\"4e1625f\" data-element_type=\"widget\" data-e-type=\"widget\" data-widget_type=\"text-editor.default\">\n\t\t\t\t\t\t\t\t\t<p style=\"text-align: center;\">Los guidelines de Gaia-X Espa\u00f1a recogen orientaciones, buenas pr\u00e1cticas y marcos de referencia desarrollados por la comunidad para facilitar la creaci\u00f3n y evoluci\u00f3n de espacios de datos alineados con los principios europeos. Estos documentos ayudan a organizaciones y profesionales a aplicar est\u00e1ndares comunes, fomentar la interoperabilidad y avanzar hacia modelos digitales m\u00e1s seguros, transparentes y colaborativos. <\/p>\t\t\t\t\t\t\t\t<\/div>\n\t\t\t\t<div class=\"elementor-element elementor-element-6cda0ae8 elementor-widget elementor-widget-sn-imagebox-carousel\" data-id=\"6cda0ae8\" data-element_type=\"widget\" data-e-type=\"widget\" data-settings=\"{&quot;effect&quot;:&quot;slide&quot;,&quot;speed&quot;:500}\" data-widget_type=\"sn-imagebox-carousel.imagebox-carousel\">\n\t\t\t\t<div class=\"elementor-widget-container\">\n\t\t\t\t\t\t\t<div data-swiper-options=\"{&quot;spaceBetween&quot;:24,&quot;pagination&quot;:{&quot;el&quot;:&quot;.swiper-pagination&quot;,&quot;type&quot;:&quot;bullets&quot;,&quot;clickable&quot;:true},&quot;autoHeight&quot;:true,&quot;breakpoints&quot;:{&quot;500&quot;:{&quot;slidesPerView&quot;:2},&quot;991&quot;:{&quot;slidesPerView&quot;:2}},&quot;speed&quot;:500}\" class=\"swiper sn-elementor-main-swiper mb-xl-3\">\n\t\t\t\t\t<div class=\"swiper-wrapper\">\n\t\t\t\t\t<div class=\"swiper-slide h-auto pt-1\">\n\t\t\t\t\t\t\t<div class=\"card h-100\">\n\t\t\t\t\t\t\t\t\t\t\t\t\t<img decoding=\"async\" class=\"card-img-top rounded-top\" src=\"\" alt=\"\">\n\t\t\t\t\t\t\t\t\t\t\t\t<div class=\"card-body\">\n\t\t\t\t\t\t\t<h5 class=\"si-imagebox-title card-title mb-3 \" style=\"color: \">List of Entities, Projects, Demonstrators, Use Cases and Resources<\/h5>\n\t\t\t\t\t\t\t<p class=\"card-text mb-4 pb-md-3 fs-lg\">The aim of the \u201cListado_Entidades_Proyectos_Demostradores_CasosdeUso_Recursos\u201d file is to promote autonomous and direct collaboration and interaction between different entities with projects related to the Data Spaces ecosystem.<\/p>\n\t\t\t\t\t\t\t<a href=\"\/wp-content\/uploads\/2026\/02\/Listado_Entidades_Proyectos_Demostradores_CasosdeUso_Recursos_2025.xlsx\" class=\"btn swiper-button btn-link btn btn-lg btn-outline-primary\">\n\t\t\t\t\t\t\t\t\t\t\t\t\t\t\t\t\t\t   Download Excel list\t\t\t\t\t\t\t<\/a>\n\t\t\t\t\t\t<\/div>\n\t\t\t\t\t<\/div>\n\t\t\t\t<\/div>\n\t\t\t\t\t\t<div class=\"swiper-slide h-auto pt-1\">\n\t\t\t\t\t\t\t<div class=\"card h-100\">\n\t\t\t\t\t\t\t\t\t\t\t\t\t<img decoding=\"async\" class=\"card-img-top rounded-top\" src=\"\" alt=\"\">\n\t\t\t\t\t\t\t\t\t\t\t\t<div class=\"card-body\">\n\t\t\t\t\t\t\t<h5 class=\"si-imagebox-title card-title mb-3 \" style=\"color: \">Catalogue of technological solutions for data spaces (Technologies, Platforms and Solutions).<\/h5>\n\t\t\t\t\t\t\t<p class=\"card-text mb-4 pb-md-3 fs-lg\">This catalogue brings together platforms, tools and solutions for building and managing data spaces, with information provided by different entities. It also includes a compilation of European initiatives linked to data spaces and the Gaia-X ecosystem. <\/p>\n\t\t\t\t\t\t\t<a href=\"\/wp-content\/uploads\/2026\/02\/Catalogo_Tecnologias_EspaciosDeDatos_V4.pdf\" class=\"btn swiper-button btn-link btn btn-lg btn-outline-primary\">\n\t\t\t\t\t\t\t\t\t\t\t\t\t\t\t\t\t\t   Download PDF\t\t\t\t\t\t\t<\/a>\n\t\t\t\t\t\t<\/div>\n\t\t\t\t\t<\/div>\n\t\t\t\t<\/div>\n\t\t\t\t\t\t\t<\/div>\n\t\t\t\t\t<div class=\"swiper-pagination position-static mt-4 pt-lg-3 pt-2\"><\/div>        \n\t\t\t\t\t\t\t<\/div>        \n\t\t\t\t\t\t<\/div>\n\t\t\t\t<\/div>\n\t\t\t\t<div class=\"elementor-element elementor-element-7b1ae20 elementor-widget elementor-widget-sn-imagebox-carousel\" data-id=\"7b1ae20\" data-element_type=\"widget\" data-e-type=\"widget\" data-settings=\"{&quot;effect&quot;:&quot;slide&quot;,&quot;speed&quot;:500}\" data-widget_type=\"sn-imagebox-carousel.imagebox-carousel\">\n\t\t\t\t<div class=\"elementor-widget-container\">\n\t\t\t\t\t\t\t<div data-swiper-options=\"{&quot;spaceBetween&quot;:24,&quot;pagination&quot;:{&quot;el&quot;:&quot;.swiper-pagination&quot;,&quot;type&quot;:&quot;bullets&quot;,&quot;clickable&quot;:true},&quot;autoHeight&quot;:true,&quot;breakpoints&quot;:{&quot;500&quot;:{&quot;slidesPerView&quot;:2},&quot;991&quot;:{&quot;slidesPerView&quot;:2}},&quot;speed&quot;:500}\" class=\"swiper sn-elementor-main-swiper mb-xl-3\">\n\t\t\t\t\t<div class=\"swiper-wrapper\">\n\t\t\t\t\t<div class=\"swiper-slide h-auto pt-1\">\n\t\t\t\t\t\t\t<div class=\"card h-100\">\n\t\t\t\t\t\t\t\t\t\t\t\t\t<img decoding=\"async\" class=\"card-img-top rounded-top\" src=\"\" alt=\"\">\n\t\t\t\t\t\t\t\t\t\t\t\t<div class=\"card-body\">\n\t\t\t\t\t\t\t<h5 class=\"si-imagebox-title card-title mb-3\" style=\"color: \">List of consultancies for report drafting (Spanish Association for the Promotion of Financing I+D+i)<\/h5>\n\t\t\t\t\t\t\t<p class=\"card-text mb-4 pb-md-3 fs-lg\">The following document contains a list of consultancies for report drafting, provided by AFIDI (Spanish Association for the Promotion of R&amp;D&amp;I Financing). <\/p>\n\t\t\t\t\t\t\t<a href=\"\/wp-content\/uploads\/2026\/02\/AFIDI_ListaConsultorasRedaccMemorias_v2.pdf\" class=\"btn swiper-button btn-link btn btn-lg btn-outline-primary\">\n\t\t\t\t\t\t\t\t\t\t\t\t\t\t\t\t\t\t   Download PDF\t\t\t\t\t\t\t<\/a>\n\t\t\t\t\t\t<\/div>\n\t\t\t\t\t<\/div>\n\t\t\t\t<\/div>\n\t\t\t\t\t\t<div class=\"swiper-slide h-auto pt-1\">\n\t\t\t\t\t\t\t<div class=\"card h-100\">\n\t\t\t\t\t\t\t\t\t\t\t\t\t<img decoding=\"async\" class=\"card-img-top rounded-top\" src=\"\" alt=\"\">\n\t\t\t\t\t\t\t\t\t\t\t\t<div class=\"card-body\">\n\t\t\t\t\t\t\t<h5 class=\"si-imagebox-title card-title mb-3\" style=\"color: \">EU Gaia-X Data Spaces Projects<\/h5>\n\t\t\t\t\t\t\t<p class=\"card-text mb-4 pb-md-3 fs-lg\">A compilation of European initiatives related to data spaces and the Gaia-X ecosystem, offering an overview of projects, collaborations and lines of work that drive the development of an interoperable, secure data economy aligned with European principles.<\/p>\n\t\t\t\t\t\t\t<a href=\"\/wp-content\/uploads\/2026\/02\/Proyectos_EU_Espacios_de_Datos_GAIAX_v2.pdf\" class=\"btn swiper-button btn-link btn btn-lg btn-outline-primary\">\n\t\t\t\t\t\t\t\t\t\t\t\t\t\t\t\t\t\t   Download dossierDescargar dossier\t\t\t\t\t\t\t<\/a>\n\t\t\t\t\t\t<\/div>\n\t\t\t\t\t<\/div>\n\t\t\t\t<\/div>\n\t\t\t\t\t\t\t<\/div>\n\t\t\t\t\t<div class=\"swiper-pagination position-static mt-4 pt-lg-3 pt-2\"><\/div>        \n\t\t\t\t\t\t\t<\/div>        \n\t\t\t\t\t\t<\/div>\n\t\t\t\t<\/div>\n\t\t\t\t<div class=\"elementor-element elementor-element-714e9e1 elementor-widget elementor-widget-sn-imagebox-carousel\" data-id=\"714e9e1\" data-element_type=\"widget\" data-e-type=\"widget\" data-settings=\"{&quot;effect&quot;:&quot;slide&quot;,&quot;speed&quot;:500}\" data-widget_type=\"sn-imagebox-carousel.imagebox-carousel\">\n\t\t\t\t<div class=\"elementor-widget-container\">\n\t\t\t\t\t\t\t<div data-swiper-options=\"{&quot;spaceBetween&quot;:24,&quot;pagination&quot;:{&quot;el&quot;:&quot;.swiper-pagination&quot;,&quot;type&quot;:&quot;bullets&quot;,&quot;clickable&quot;:true},&quot;autoHeight&quot;:true,&quot;breakpoints&quot;:{&quot;500&quot;:{&quot;slidesPerView&quot;:2},&quot;991&quot;:{&quot;slidesPerView&quot;:2}},&quot;speed&quot;:500}\" class=\"swiper sn-elementor-main-swiper mb-xl-3\">\n\t\t\t\t\t<div class=\"swiper-wrapper\">\n\t\t\t\t\t<div class=\"swiper-slide h-auto pt-1\">\n\t\t\t\t\t\t\t<div class=\"card h-100\">\n\t\t\t\t\t\t\t\t\t\t\t\t\t<img decoding=\"async\" class=\"card-img-top rounded-top\" src=\"\" alt=\"\">\n\t\t\t\t\t\t\t\t\t\t\t\t<div class=\"card-body\">\n\t\t\t\t\t\t\t<h5 class=\"si-imagebox-title card-title mb-3\" style=\"color: \"> Introductory guide to Data Spaces<\/h5>\n\t\t\t\t\t\t\t<p class=\"card-text mb-4 pb-md-3 fs-lg\">The following guide provides a conceptual and technical overview of data spaces, offering a general perspective and incorporating other related concepts of interest.\n<\/p>\n\t\t\t\t\t\t\t<a href=\"\/wp-content\/uploads\/2026\/02\/GUIA_INTRODUCTORIA_A_LOS_ESPACIOS_DE_DATOS_v3.pdf\" class=\"btn swiper-button btn-link btn btn-lg btn-outline-primary\">\n\t\t\t\t\t\t\t\t\t\t\t\t\t\t\t\t\t\t   Download PDF\t\t\t\t\t\t\t<\/a>\n\t\t\t\t\t\t<\/div>\n\t\t\t\t\t<\/div>\n\t\t\t\t<\/div>\n\t\t\t\t\t\t\t<\/div>\n\t\t\t\t\t<div class=\"swiper-pagination position-static mt-4 pt-lg-3 pt-2\"><\/div>        \n\t\t\t\t\t\t\t<\/div>        \n\t\t\t\t\t\t<\/div>\n\t\t\t\t<\/div>\n\t\t\t\t\t<\/div>\n\t\t<\/div>\n\t\t\t\t\t<\/div>\n\t\t<\/section>\n\t\t\t\t<\/div>\n\t\t","protected":false},"excerpt":{"rendered":"<p>Guidelines to promote trustworthy and interoperable data spaces Principles and recommendations to advance the data economy Los guidelines de Gaia-X Espa\u00f1a recogen orientaciones, buenas pr\u00e1cticas y marcos de referencia desarrollados por la comunidad para facilitar la creaci\u00f3n y evoluci\u00f3n de espacios de datos alineados con los principios europeos. Estos documentos ayudan a organizaciones y profesionales [&hellip;]<\/p>\n","protected":false},"author":1,"featured_media":0,"parent":0,"menu_order":0,"comment_status":"closed","ping_status":"closed","template":"elementor_header_footer","meta":{"_acf_changed":false,"footnotes":""},"class_list":["post-15569","page","type-page","status-publish","hentry"],"acf":[],"yoast_head":"<!-- This site is optimized with the Yoast SEO plugin v27.5 - https:\/\/yoast.com\/product\/yoast-seo-wordpress\/ -->\n<title>Data standards: Gaia-X Spain guidelines<\/title>\n<meta name=\"description\" content=\"Consulta las guidelines de Gaia-X Espa\u00f1a sobre est\u00e1ndares de datos, uso y directrices para garantizar interoperabilidad y coherencia en el ecosistema.\" \/>\n<meta name=\"robots\" content=\"index, follow, max-snippet:-1, max-image-preview:large, max-video-preview:-1\" \/>\n<link rel=\"canonical\" href=\"https:\/\/gaiax-spain.com\/en\/guidelines\/\" \/>\n<meta property=\"og:locale\" content=\"en_US\" \/>\n<meta property=\"og:type\" content=\"article\" \/>\n<meta property=\"og:title\" content=\"Data standards: Gaia-X Spain guidelines\" \/>\n<meta property=\"og:description\" content=\"Consulta las guidelines de Gaia-X Espa\u00f1a sobre est\u00e1ndares de datos, uso y directrices para garantizar interoperabilidad y coherencia en el ecosistema.\" \/>\n<meta property=\"og:url\" content=\"https:\/\/gaiax-spain.com\/en\/guidelines\/\" \/>\n<meta property=\"og:site_name\" content=\"Gaia-X\" \/>\n<meta property=\"article:modified_time\" content=\"2026-05-11T17:31:48+00:00\" \/>\n<meta name=\"twitter:card\" content=\"summary_large_image\" \/>\n<meta name=\"twitter:label1\" content=\"Est. reading time\" \/>\n\t<meta name=\"twitter:data1\" content=\"1 minute\" \/>\n<script type=\"application\/ld+json\" class=\"yoast-schema-graph\">{\"@context\":\"https:\\\/\\\/schema.org\",\"@graph\":[{\"@type\":\"WebPage\",\"@id\":\"https:\\\/\\\/gaiax-spain.com\\\/en\\\/guidelines\\\/\",\"url\":\"https:\\\/\\\/gaiax-spain.com\\\/en\\\/guidelines\\\/\",\"name\":\"Data standards: Gaia-X Spain guidelines\",\"isPartOf\":{\"@id\":\"https:\\\/\\\/gaiax-spain.com\\\/en\\\/#website\"},\"datePublished\":\"2026-02-23T15:57:36+00:00\",\"dateModified\":\"2026-05-11T17:31:48+00:00\",\"description\":\"Consulta las guidelines de Gaia-X Espa\u00f1a sobre est\u00e1ndares de datos, uso y directrices para garantizar interoperabilidad y coherencia en el ecosistema.\",\"breadcrumb\":{\"@id\":\"https:\\\/\\\/gaiax-spain.com\\\/en\\\/guidelines\\\/#breadcrumb\"},\"inLanguage\":\"en-US\",\"potentialAction\":[{\"@type\":\"ReadAction\",\"target\":[\"https:\\\/\\\/gaiax-spain.com\\\/en\\\/guidelines\\\/\"]}]},{\"@type\":\"BreadcrumbList\",\"@id\":\"https:\\\/\\\/gaiax-spain.com\\\/en\\\/guidelines\\\/#breadcrumb\",\"itemListElement\":[{\"@type\":\"ListItem\",\"position\":1,\"name\":\"Portada\",\"item\":\"https:\\\/\\\/gaiax-spain.com\\\/en\\\/home\\\/\"},{\"@type\":\"ListItem\",\"position\":2,\"name\":\"Guidelines\"}]},{\"@type\":\"WebSite\",\"@id\":\"https:\\\/\\\/gaiax-spain.com\\\/en\\\/#website\",\"url\":\"https:\\\/\\\/gaiax-spain.com\\\/en\\\/\",\"name\":\"Gaia-X\",\"description\":\"Impulsando una econom\u00eda del dato soberana, confiable y colaborativa\",\"publisher\":{\"@id\":\"https:\\\/\\\/gaiax-spain.com\\\/en\\\/#organization\"},\"potentialAction\":[{\"@type\":\"SearchAction\",\"target\":{\"@type\":\"EntryPoint\",\"urlTemplate\":\"https:\\\/\\\/gaiax-spain.com\\\/en\\\/?s={search_term_string}\"},\"query-input\":{\"@type\":\"PropertyValueSpecification\",\"valueRequired\":true,\"valueName\":\"search_term_string\"}}],\"inLanguage\":\"en-US\"},{\"@type\":\"Organization\",\"@id\":\"https:\\\/\\\/gaiax-spain.com\\\/en\\\/#organization\",\"name\":\"Gaia-X\",\"url\":\"https:\\\/\\\/gaiax-spain.com\\\/en\\\/\",\"logo\":{\"@type\":\"ImageObject\",\"inLanguage\":\"en-US\",\"@id\":\"https:\\\/\\\/gaiax-spain.com\\\/en\\\/#\\\/schema\\\/logo\\\/image\\\/\",\"url\":\"https:\\\/\\\/gaiax-spain.com\\\/wp-content\\\/uploads\\\/2026\\\/01\\\/logo-gaia-x-oficial-1.png\",\"contentUrl\":\"https:\\\/\\\/gaiax-spain.com\\\/wp-content\\\/uploads\\\/2026\\\/01\\\/logo-gaia-x-oficial-1.png\",\"width\":306,\"height\":222,\"caption\":\"Gaia-X\"},\"image\":{\"@id\":\"https:\\\/\\\/gaiax-spain.com\\\/en\\\/#\\\/schema\\\/logo\\\/image\\\/\"}}]}<\/script>\n<!-- \/ Yoast SEO plugin. -->","yoast_head_json":{"title":"Data standards: Gaia-X Spain guidelines","description":"Consulta las guidelines de Gaia-X Espa\u00f1a sobre est\u00e1ndares de datos, uso y directrices para garantizar interoperabilidad y coherencia en el ecosistema.","robots":{"index":"index","follow":"follow","max-snippet":"max-snippet:-1","max-image-preview":"max-image-preview:large","max-video-preview":"max-video-preview:-1"},"canonical":"https:\/\/gaiax-spain.com\/en\/guidelines\/","og_locale":"en_US","og_type":"article","og_title":"Data standards: Gaia-X Spain guidelines","og_description":"Consulta las guidelines de Gaia-X Espa\u00f1a sobre est\u00e1ndares de datos, uso y directrices para garantizar interoperabilidad y coherencia en el ecosistema.","og_url":"https:\/\/gaiax-spain.com\/en\/guidelines\/","og_site_name":"Gaia-X","article_modified_time":"2026-05-11T17:31:48+00:00","twitter_card":"summary_large_image","twitter_misc":{"Est. reading time":"1 minute"},"schema":{"@context":"https:\/\/schema.org","@graph":[{"@type":"WebPage","@id":"https:\/\/gaiax-spain.com\/en\/guidelines\/","url":"https:\/\/gaiax-spain.com\/en\/guidelines\/","name":"Data standards: Gaia-X Spain guidelines","isPartOf":{"@id":"https:\/\/gaiax-spain.com\/en\/#website"},"datePublished":"2026-02-23T15:57:36+00:00","dateModified":"2026-05-11T17:31:48+00:00","description":"Consulta las guidelines de Gaia-X Espa\u00f1a sobre est\u00e1ndares de datos, uso y directrices para garantizar interoperabilidad y coherencia en el ecosistema.","breadcrumb":{"@id":"https:\/\/gaiax-spain.com\/en\/guidelines\/#breadcrumb"},"inLanguage":"en-US","potentialAction":[{"@type":"ReadAction","target":["https:\/\/gaiax-spain.com\/en\/guidelines\/"]}]},{"@type":"BreadcrumbList","@id":"https:\/\/gaiax-spain.com\/en\/guidelines\/#breadcrumb","itemListElement":[{"@type":"ListItem","position":1,"name":"Portada","item":"https:\/\/gaiax-spain.com\/en\/home\/"},{"@type":"ListItem","position":2,"name":"Guidelines"}]},{"@type":"WebSite","@id":"https:\/\/gaiax-spain.com\/en\/#website","url":"https:\/\/gaiax-spain.com\/en\/","name":"Gaia-X","description":"Impulsando una econom\u00eda del dato soberana, confiable y colaborativa","publisher":{"@id":"https:\/\/gaiax-spain.com\/en\/#organization"},"potentialAction":[{"@type":"SearchAction","target":{"@type":"EntryPoint","urlTemplate":"https:\/\/gaiax-spain.com\/en\/?s={search_term_string}"},"query-input":{"@type":"PropertyValueSpecification","valueRequired":true,"valueName":"search_term_string"}}],"inLanguage":"en-US"},{"@type":"Organization","@id":"https:\/\/gaiax-spain.com\/en\/#organization","name":"Gaia-X","url":"https:\/\/gaiax-spain.com\/en\/","logo":{"@type":"ImageObject","inLanguage":"en-US","@id":"https:\/\/gaiax-spain.com\/en\/#\/schema\/logo\/image\/","url":"https:\/\/gaiax-spain.com\/wp-content\/uploads\/2026\/01\/logo-gaia-x-oficial-1.png","contentUrl":"https:\/\/gaiax-spain.com\/wp-content\/uploads\/2026\/01\/logo-gaia-x-oficial-1.png","width":306,"height":222,"caption":"Gaia-X"},"image":{"@id":"https:\/\/gaiax-spain.com\/en\/#\/schema\/logo\/image\/"}}]}},"_links":{"self":[{"href":"https:\/\/gaiax-spain.com\/en\/wp-json\/wp\/v2\/pages\/15569","targetHints":{"allow":["GET"]}}],"collection":[{"href":"https:\/\/gaiax-spain.com\/en\/wp-json\/wp\/v2\/pages"}],"about":[{"href":"https:\/\/gaiax-spain.com\/en\/wp-json\/wp\/v2\/types\/page"}],"author":[{"embeddable":true,"href":"https:\/\/gaiax-spain.com\/en\/wp-json\/wp\/v2\/users\/1"}],"replies":[{"embeddable":true,"href":"https:\/\/gaiax-spain.com\/en\/wp-json\/wp\/v2\/comments?post=15569"}],"version-history":[{"count":3,"href":"https:\/\/gaiax-spain.com\/en\/wp-json\/wp\/v2\/pages\/15569\/revisions"}],"predecessor-version":[{"id":15572,"href":"https:\/\/gaiax-spain.com\/en\/wp-json\/wp\/v2\/pages\/15569\/revisions\/15572"}],"wp:attachment":[{"href":"https:\/\/gaiax-spain.com\/en\/wp-json\/wp\/v2\/media?parent=15569"}],"curies":[{"name":"wp","href":"https:\/\/api.w.org\/{rel}","templated":true}]}}